{"id":499,"date":"2026-03-06T11:09:50","date_gmt":"2026-03-06T11:09:50","guid":{"rendered":"https:\/\/lamiral-paris.com\/?page_id=499"},"modified":"2026-03-06T16:25:49","modified_gmt":"2026-03-06T16:25:49","slug":"mentions-legales","status":"publish","type":"page","link":"https:\/\/lamiral-paris.com\/en\/mentions-legales\/","title":{"rendered":"Legal notices"},"content":{"rendered":"<div data-elementor-type=\"wp-page\" data-elementor-id=\"499\" class=\"elementor elementor-499\" data-elementor-post-type=\"page\">\n\t\t\t\t<div class=\"elementor-element elementor-element-cc1e4b3 e-flex e-con-boxed e-con e-parent\" data-id=\"cc1e4b3\" data-element_type=\"container\" data-e-type=\"container\">\n\t\t\t\t\t<div class=\"e-con-inner\">\n\t\t\t\t<div class=\"elementor-element elementor-element-4b9dc38 elementor-widget-tablet__width-initial elementor-widget-mobile__width-initial reveal-mask elementor-widget elementor-widget-heading\" data-id=\"4b9dc38\" data-element_type=\"widget\" data-e-type=\"widget\" data-widget_type=\"heading.default\">\n\t\t\t\t\t<h1 class=\"elementor-heading-title elementor-size-default\">Legal notices<\/h1>\t\t\t\t<\/div>\n\t\t\t\t<div class=\"elementor-element elementor-element-c8052ff elementor-widget-widescreen__width-initial reveal-mask elementor-widget elementor-widget-text-editor\" data-id=\"c8052ff\" data-element_type=\"widget\" data-e-type=\"widget\" data-widget_type=\"text-editor.default\">\n\t\t\t\t\t\t\t\t\t<p><span dir=\"ltr\" role=\"presentation\">In accordance with the provisions of Law No. 2004-575 of June 21, 2004 on confidence in the economy<\/span><br role=\"presentation\" \/><span dir=\"ltr\" role=\"presentation\">digital, users and visitors are hereby informed that, hereinafter referred to as the \"\u00a0<\/span><span dir=\"ltr\" role=\"presentation\">User<\/span><span dir=\"ltr\" role=\"presentation\">\"from the website<\/span><br role=\"presentation\" \/><span dir=\"ltr\" role=\"presentation\">lamiral-paris.com, hereinafter referred to as the \"\u00a0<\/span><span dir=\"ltr\" role=\"presentation\">Website<\/span><span dir=\"ltr\" role=\"presentation\">, these legal notices.<\/span><br role=\"presentation\" \/><span dir=\"ltr\" role=\"presentation\">By connecting to and browsing the Site, the User fully and unreservedly accepts these Terms and Conditions.<\/span><br role=\"presentation\" \/><span dir=\"ltr\" role=\"presentation\">subject to these legal notices.<\/span><br role=\"presentation\" \/><span dir=\"ltr\" role=\"presentation\">These are available on the Website under the heading \"\u00a0<\/span><span dir=\"ltr\" role=\"presentation\">Legal notices \u00bb<\/span><span dir=\"ltr\" role=\"presentation\">.<\/span><\/p>\t\t\t\t\t\t\t\t<\/div>\n\t\t<div class=\"elementor-element elementor-element-f1d4fa4 e-con-full e-flex e-con e-child\" data-id=\"f1d4fa4\" data-element_type=\"container\" data-e-type=\"container\">\n\t\t\t\t<div class=\"elementor-element elementor-element-c74b9f2 elementor-widget__width-initial elementor-invisible elementor-widget elementor-widget-text-editor\" data-id=\"c74b9f2\" data-element_type=\"widget\" data-e-type=\"widget\" data-settings=\"{&quot;_animation&quot;:&quot;fadeInLeft&quot;}\" data-widget_type=\"text-editor.default\">\n\t\t\t\t\t\t\t\t\t<p>Website editing<\/p>\t\t\t\t\t\t\t\t<\/div>\n\t\t\t\t<div class=\"elementor-element elementor-element-476d988 elementor-widget-widescreen__width-initial reveal-mask elementor-widget elementor-widget-text-editor\" data-id=\"476d988\" data-element_type=\"widget\" data-e-type=\"widget\" data-widget_type=\"text-editor.default\">\n\t\t\t\t\t\t\t\t\t<p><span dir=\"ltr\" role=\"presentation\">The Website is published by CUIR EXCELLENCE, a limited liability company with capital of \u20ac100,000.<\/span><br role=\"presentation\" \/><span dir=\"ltr\" role=\"presentation\">registered in the Commercial and Companies Register under number<\/span><br role=\"presentation\" \/><span dir=\"ltr\" role=\"presentation\">901576223, whose registered office is located at ROUTE DU MOULIN NEUF, 81300 GRAULHET,<\/span><br role=\"presentation\" \/><br role=\"presentation\" \/><span dir=\"ltr\" role=\"presentation\">&gt;<\/span> <span dir=\"ltr\" role=\"presentation\">Intra-community VAT number<\/span> <span dir=\"ltr\" role=\"presentation\">: FR81901576223<\/span><br role=\"presentation\" \/><span dir=\"ltr\" role=\"presentation\">&gt;<\/span> <span dir=\"ltr\" role=\"presentation\">Director of Publication<\/span> <span dir=\"ltr\" role=\"presentation\">: PERTHU\u00c9 Thomas<\/span><\/p>\t\t\t\t\t\t\t\t<\/div>\n\t\t\t\t<\/div>\n\t\t<div class=\"elementor-element elementor-element-58693b3 e-con-full e-flex e-con e-child\" data-id=\"58693b3\" data-element_type=\"container\" data-e-type=\"container\">\n\t\t\t\t<div class=\"elementor-element elementor-element-43528ee elementor-widget__width-initial elementor-invisible elementor-widget elementor-widget-text-editor\" data-id=\"43528ee\" data-element_type=\"widget\" data-e-type=\"widget\" data-settings=\"{&quot;_animation&quot;:&quot;fadeInLeft&quot;}\" data-widget_type=\"text-editor.default\">\n\t\t\t\t\t\t\t\t\t<p>Host<\/p>\t\t\t\t\t\t\t\t<\/div>\n\t\t\t\t<div class=\"elementor-element elementor-element-4ba898b elementor-widget-widescreen__width-initial reveal-mask elementor-widget elementor-widget-text-editor\" data-id=\"4ba898b\" data-element_type=\"widget\" data-e-type=\"widget\" data-widget_type=\"text-editor.default\">\n\t\t\t\t\t\t\t\t\t<p>The Site is hosted by OVH, whose registered office is located at <strong>2 rue Kellermann, 59100 Roubaix, France.<\/strong><\/p>\t\t\t\t\t\t\t\t<\/div>\n\t\t\t\t<\/div>\n\t\t<div class=\"elementor-element elementor-element-ff487c4 e-con-full e-flex e-con e-child\" data-id=\"ff487c4\" data-element_type=\"container\" data-e-type=\"container\">\n\t\t\t\t<div class=\"elementor-element elementor-element-8d79969 elementor-widget__width-initial elementor-invisible elementor-widget elementor-widget-text-editor\" data-id=\"8d79969\" data-element_type=\"widget\" data-e-type=\"widget\" data-settings=\"{&quot;_animation&quot;:&quot;fadeInLeft&quot;}\" data-widget_type=\"text-editor.default\">\n\t\t\t\t\t\t\t\t\t<p>Access to the site<\/p>\t\t\t\t\t\t\t\t<\/div>\n\t\t\t\t<div class=\"elementor-element elementor-element-71e28d9 elementor-widget-widescreen__width-initial reveal-mask elementor-widget elementor-widget-text-editor\" data-id=\"71e28d9\" data-element_type=\"widget\" data-e-type=\"widget\" data-widget_type=\"text-editor.default\">\n\t\t\t\t\t\t\t\t\t<p><span dir=\"ltr\" role=\"presentation\">The Site is normally accessible to the User at all times. However, the Publisher may, at any time,<\/span><br role=\"presentation\" \/><span dir=\"ltr\" role=\"presentation\">suspend, limit, or interrupt the Site in order to perform updates or<\/span><br role=\"presentation\" \/><span dir=\"ltr\" role=\"presentation\">changes to its content. The Publisher shall in no event be held liable for<\/span><br role=\"presentation\" \/><span dir=\"ltr\" role=\"presentation\">possible consequences of this unavailability on the User's activities.<\/span><\/p>\t\t\t\t\t\t\t\t<\/div>\n\t\t\t\t<\/div>\n\t\t<div class=\"elementor-element elementor-element-d978e6e e-con-full e-flex e-con e-child\" data-id=\"d978e6e\" data-element_type=\"container\" data-e-type=\"container\">\n\t\t\t\t<div class=\"elementor-element elementor-element-15fe873 elementor-widget__width-initial elementor-invisible elementor-widget elementor-widget-text-editor\" data-id=\"15fe873\" data-element_type=\"widget\" data-e-type=\"widget\" data-settings=\"{&quot;_animation&quot;:&quot;fadeInLeft&quot;}\" data-widget_type=\"text-editor.default\">\n\t\t\t\t\t\t\t\t\t<p>Data collection<\/p>\t\t\t\t\t\t\t\t<\/div>\n\t\t\t\t<div class=\"elementor-element elementor-element-93598f9 elementor-widget-widescreen__width-initial reveal-mask elementor-widget elementor-widget-text-editor\" data-id=\"93598f9\" data-element_type=\"widget\" data-e-type=\"widget\" data-widget_type=\"text-editor.default\">\n\t\t\t\t\t\t\t\t\t<p><span dir=\"ltr\" role=\"presentation\">The Site ensures that the User's personal data is collected and processed in accordance with<\/span><br role=\"presentation\" \/><span dir=\"ltr\" role=\"presentation\">of privacy in accordance with Law No. 78-17 of January 6, 1978 relating to data processing, files, and<\/span><br role=\"presentation\" \/><span dir=\"ltr\" role=\"presentation\">freedoms and in compliance with applicable regulations on data processing<\/span><br role=\"presentation\" \/><span dir=\"ltr\" role=\"presentation\">\u00e0 caract\u00e8re personnel conform\u00e9ment au r\u00e8glement (UE) 2016\/679 du Parlement europ\u00e9en et du<\/span><br role=\"presentation\" \/><span dir=\"ltr\" role=\"presentation\">Council of April 27, 2016 (hereinafter, collectively, the <strong>\u00ab\u00a0<\/strong><\/span><strong><span dir=\"ltr\" role=\"presentation\">Applicable regulations regarding<\/span><\/strong><br role=\"presentation\" \/><strong><span dir=\"ltr\" role=\"presentation\">protection of personal data<\/span><\/strong><span dir=\"ltr\" role=\"presentation\"><strong>\u00ab\u00a0<\/strong>).<\/span><\/p><p><span dir=\"ltr\" role=\"presentation\">Under the applicable regulations on the protection of personal data<\/span><br role=\"presentation\" \/><span dir=\"ltr\" role=\"presentation\">personal data, the User has the right to access, rectify, delete, and object to<\/span><br role=\"presentation\" \/><span dir=\"ltr\" role=\"presentation\">his personal data.<\/span><\/p><div><span style=\"font-family: var( --e-global-typography-8c77e77-font-family ), Sans-serif; font-size: var( --e-global-typography-8c77e77-font-size ); letter-spacing: var( --e-global-typography-8c77e77-letter-spacing ); word-spacing: var( --e-global-typography-8c77e77-word-spacing );\">The User may exercise this right:<\/span><\/div><div><p><span dir=\"ltr\" role=\"presentation\">From the contact form;<\/span><br role=\"presentation\" \/><span dir=\"ltr\" role=\"presentation\">Any use, reproduction, distribution, commercialization, or modification of all or part of the Site<\/span><span dir=\"ltr\" role=\"presentation\">,<\/span><br role=\"presentation\" \/><span dir=\"ltr\" role=\"presentation\">without the express permission of the Publisher is prohibited and may result in legal action and prosecution.<\/span><br role=\"presentation\" \/><span dir=\"ltr\" role=\"presentation\">legal proceedings as provided for by the regulations in force.<\/span><br role=\"presentation\" \/><span dir=\"ltr\" role=\"presentation\">For more information about cookies, please refer to the website's Cookie Policy.<\/span><br role=\"presentation\" \/><span dir=\"ltr\" role=\"presentation\">lamiral-paris.com accessible under the heading \u201cCookies\u201d<\/span><span dir=\"ltr\" role=\"presentation\"><br \/><\/span><\/p><\/div>\t\t\t\t\t\t\t\t<\/div>\n\t\t\t\t<\/div>\n\t\t\t\t\t<\/div>\n\t\t\t\t<\/div>\n\t\t\t\t<\/div>","protected":false},"excerpt":{"rendered":"<p>Mentions l\u00e9gales Conform\u00e9ment aux dispositions de la loi n\u00b02004-575 du 21 juin 2004 pour la Confiance en l\u2019\u00e9conomienum\u00e9rique, il est port\u00e9 \u00e0 la connaissance des utilisateurs et visiteurs, ci-apr\u00e8s l&rsquo; \u00ab\u00a0Utilisateur\u00a0\u00bb, du sitelamiral-paris.com , ci-apr\u00e8s le \u00ab\u00a0Site\u00a0\u00bb, les pr\u00e9sentes mentions l\u00e9gales.La connexion et la navigation sur le Site par l\u2019Utilisateur implique acceptation int\u00e9grale et sansr\u00e9serve [&hellip;]<\/p>\n","protected":false},"author":1,"featured_media":0,"parent":0,"menu_order":0,"comment_status":"closed","ping_status":"closed","template":"elementor_header_footer","meta":{"footnotes":""},"class_list":["post-499","page","type-page","status-publish","hentry"],"yoast_head":"<!-- This site is optimized with the Yoast SEO plugin v27.3 - https:\/\/yoast.com\/product\/yoast-seo-wordpress\/ -->\n<title>Mentions l\u00e9gales - Lamiral<\/title>\n<meta name=\"robots\" content=\"index, follow, max-snippet:-1, max-image-preview:large, max-video-preview:-1\" \/>\n<link rel=\"canonical\" href=\"https:\/\/lamiral-paris.com\/en\/mentions-legales\/\" \/>\n<meta property=\"og:locale\" content=\"en_GB\" \/>\n<meta property=\"og:type\" content=\"article\" \/>\n<meta property=\"og:title\" content=\"Mentions l\u00e9gales - Lamiral\" \/>\n<meta property=\"og:description\" content=\"Mentions l\u00e9gales Conform\u00e9ment aux dispositions de la loi n\u00b02004-575 du 21 juin 2004 pour la Confiance en l\u2019\u00e9conomienum\u00e9rique, il est port\u00e9 \u00e0 la connaissance des utilisateurs et visiteurs, ci-apr\u00e8s l&rsquo; \u00ab\u00a0Utilisateur\u00a0\u00bb, du sitelamiral-paris.com , ci-apr\u00e8s le \u00ab\u00a0Site\u00a0\u00bb, les pr\u00e9sentes mentions l\u00e9gales.La connexion et la navigation sur le Site par l\u2019Utilisateur implique acceptation int\u00e9grale et sansr\u00e9serve [&hellip;]\" \/>\n<meta property=\"og:url\" content=\"https:\/\/lamiral-paris.com\/en\/mentions-legales\/\" \/>\n<meta property=\"og:site_name\" content=\"Lamiral\" \/>\n<meta property=\"article:modified_time\" content=\"2026-03-06T16:25:49+00:00\" \/>\n<meta name=\"twitter:card\" content=\"summary_large_image\" \/>\n<meta name=\"twitter:label1\" content=\"Estimated reading time\" \/>\n\t<meta name=\"twitter:data1\" content=\"3 minutes\" \/>\n<script type=\"application\/ld+json\" class=\"yoast-schema-graph\">{\"@context\":\"https:\\\/\\\/schema.org\",\"@graph\":[{\"@type\":\"WebPage\",\"@id\":\"https:\\\/\\\/lamiral-paris.com\\\/mentions-legales\\\/\",\"url\":\"https:\\\/\\\/lamiral-paris.com\\\/mentions-legales\\\/\",\"name\":\"Mentions l\u00e9gales - Lamiral\",\"isPartOf\":{\"@id\":\"https:\\\/\\\/lamiral-paris.com\\\/#website\"},\"datePublished\":\"2026-03-06T11:09:50+00:00\",\"dateModified\":\"2026-03-06T16:25:49+00:00\",\"breadcrumb\":{\"@id\":\"https:\\\/\\\/lamiral-paris.com\\\/mentions-legales\\\/#breadcrumb\"},\"inLanguage\":\"en-GB\",\"potentialAction\":[{\"@type\":\"ReadAction\",\"target\":[\"https:\\\/\\\/lamiral-paris.com\\\/mentions-legales\\\/\"]}]},{\"@type\":\"BreadcrumbList\",\"@id\":\"https:\\\/\\\/lamiral-paris.com\\\/mentions-legales\\\/#breadcrumb\",\"itemListElement\":[{\"@type\":\"ListItem\",\"position\":1,\"name\":\"Accueil\",\"item\":\"https:\\\/\\\/lamiral-paris.com\\\/\"},{\"@type\":\"ListItem\",\"position\":2,\"name\":\"Mentions l\u00e9gales\"}]},{\"@type\":\"WebSite\",\"@id\":\"https:\\\/\\\/lamiral-paris.com\\\/#website\",\"url\":\"https:\\\/\\\/lamiral-paris.com\\\/\",\"name\":\"Lamiral\",\"description\":\"L\u2019h\u00e9ritage dans le creux de la main\",\"publisher\":{\"@id\":\"https:\\\/\\\/lamiral-paris.com\\\/#organization\"},\"potentialAction\":[{\"@type\":\"SearchAction\",\"target\":{\"@type\":\"EntryPoint\",\"urlTemplate\":\"https:\\\/\\\/lamiral-paris.com\\\/?s={search_term_string}\"},\"query-input\":{\"@type\":\"PropertyValueSpecification\",\"valueRequired\":true,\"valueName\":\"search_term_string\"}}],\"inLanguage\":\"en-GB\"},{\"@type\":\"Organization\",\"@id\":\"https:\\\/\\\/lamiral-paris.com\\\/#organization\",\"name\":\"Lamiral\",\"url\":\"https:\\\/\\\/lamiral-paris.com\\\/\",\"logo\":{\"@type\":\"ImageObject\",\"inLanguage\":\"en-GB\",\"@id\":\"https:\\\/\\\/lamiral-paris.com\\\/#\\\/schema\\\/logo\\\/image\\\/\",\"url\":\"https:\\\/\\\/lamiral-paris.com\\\/wp-content\\\/uploads\\\/2026\\\/02\\\/LOGO_AMIRAL.png\",\"contentUrl\":\"https:\\\/\\\/lamiral-paris.com\\\/wp-content\\\/uploads\\\/2026\\\/02\\\/LOGO_AMIRAL.png\",\"width\":554,\"height\":136,\"caption\":\"Lamiral\"},\"image\":{\"@id\":\"https:\\\/\\\/lamiral-paris.com\\\/#\\\/schema\\\/logo\\\/image\\\/\"}}]}<\/script>\n<!-- \/ Yoast SEO plugin. -->","yoast_head_json":{"title":"Mentions l\u00e9gales - Lamiral","robots":{"index":"index","follow":"follow","max-snippet":"max-snippet:-1","max-image-preview":"max-image-preview:large","max-video-preview":"max-video-preview:-1"},"canonical":"https:\/\/lamiral-paris.com\/en\/mentions-legales\/","og_locale":"en_GB","og_type":"article","og_title":"Mentions l\u00e9gales - Lamiral","og_description":"Mentions l\u00e9gales Conform\u00e9ment aux dispositions de la loi n\u00b02004-575 du 21 juin 2004 pour la Confiance en l\u2019\u00e9conomienum\u00e9rique, il est port\u00e9 \u00e0 la connaissance des utilisateurs et visiteurs, ci-apr\u00e8s l&rsquo; \u00ab\u00a0Utilisateur\u00a0\u00bb, du sitelamiral-paris.com , ci-apr\u00e8s le \u00ab\u00a0Site\u00a0\u00bb, les pr\u00e9sentes mentions l\u00e9gales.La connexion et la navigation sur le Site par l\u2019Utilisateur implique acceptation int\u00e9grale et sansr\u00e9serve [&hellip;]","og_url":"https:\/\/lamiral-paris.com\/en\/mentions-legales\/","og_site_name":"Lamiral","article_modified_time":"2026-03-06T16:25:49+00:00","twitter_card":"summary_large_image","twitter_misc":{"Estimated reading time":"3 minutes"},"schema":{"@context":"https:\/\/schema.org","@graph":[{"@type":"WebPage","@id":"https:\/\/lamiral-paris.com\/mentions-legales\/","url":"https:\/\/lamiral-paris.com\/mentions-legales\/","name":"Mentions l\u00e9gales - Lamiral","isPartOf":{"@id":"https:\/\/lamiral-paris.com\/#website"},"datePublished":"2026-03-06T11:09:50+00:00","dateModified":"2026-03-06T16:25:49+00:00","breadcrumb":{"@id":"https:\/\/lamiral-paris.com\/mentions-legales\/#breadcrumb"},"inLanguage":"en-GB","potentialAction":[{"@type":"ReadAction","target":["https:\/\/lamiral-paris.com\/mentions-legales\/"]}]},{"@type":"BreadcrumbList","@id":"https:\/\/lamiral-paris.com\/mentions-legales\/#breadcrumb","itemListElement":[{"@type":"ListItem","position":1,"name":"Accueil","item":"https:\/\/lamiral-paris.com\/"},{"@type":"ListItem","position":2,"name":"Mentions l\u00e9gales"}]},{"@type":"WebSite","@id":"https:\/\/lamiral-paris.com\/#website","url":"https:\/\/lamiral-paris.com\/","name":"Lamiral","description":"L\u2019h\u00e9ritage dans le creux de la main","publisher":{"@id":"https:\/\/lamiral-paris.com\/#organization"},"potentialAction":[{"@type":"SearchAction","target":{"@type":"EntryPoint","urlTemplate":"https:\/\/lamiral-paris.com\/?s={search_term_string}"},"query-input":{"@type":"PropertyValueSpecification","valueRequired":true,"valueName":"search_term_string"}}],"inLanguage":"en-GB"},{"@type":"Organization","@id":"https:\/\/lamiral-paris.com\/#organization","name":"Lamiral","url":"https:\/\/lamiral-paris.com\/","logo":{"@type":"ImageObject","inLanguage":"en-GB","@id":"https:\/\/lamiral-paris.com\/#\/schema\/logo\/image\/","url":"https:\/\/lamiral-paris.com\/wp-content\/uploads\/2026\/02\/LOGO_AMIRAL.png","contentUrl":"https:\/\/lamiral-paris.com\/wp-content\/uploads\/2026\/02\/LOGO_AMIRAL.png","width":554,"height":136,"caption":"Lamiral"},"image":{"@id":"https:\/\/lamiral-paris.com\/#\/schema\/logo\/image\/"}}]}},"_links":{"self":[{"href":"https:\/\/lamiral-paris.com\/en\/wp-json\/wp\/v2\/pages\/499","targetHints":{"allow":["GET"]}}],"collection":[{"href":"https:\/\/lamiral-paris.com\/en\/wp-json\/wp\/v2\/pages"}],"about":[{"href":"https:\/\/lamiral-paris.com\/en\/wp-json\/wp\/v2\/types\/page"}],"author":[{"embeddable":true,"href":"https:\/\/lamiral-paris.com\/en\/wp-json\/wp\/v2\/users\/1"}],"replies":[{"embeddable":true,"href":"https:\/\/lamiral-paris.com\/en\/wp-json\/wp\/v2\/comments?post=499"}],"version-history":[{"count":19,"href":"https:\/\/lamiral-paris.com\/en\/wp-json\/wp\/v2\/pages\/499\/revisions"}],"predecessor-version":[{"id":538,"href":"https:\/\/lamiral-paris.com\/en\/wp-json\/wp\/v2\/pages\/499\/revisions\/538"}],"wp:attachment":[{"href":"https:\/\/lamiral-paris.com\/en\/wp-json\/wp\/v2\/media?parent=499"}],"curies":[{"name":"wp","href":"https:\/\/api.w.org\/{rel}","templated":true}]}}